{"id":91,"date":"2015-11-02T09:49:32","date_gmt":"2015-11-02T09:49:32","guid":{"rendered":"http:\/\/127.0.0.1:4001\/wordpress\/?page_id=91"},"modified":"2022-02-17T13:17:58","modified_gmt":"2022-02-17T13:17:58","slug":"presentation","status":"publish","type":"page","link":"https:\/\/www.micheleatchade.com\/en\/presentation\/","title":{"rendered":"presentation"},"content":{"rendered":"\n<p>N\u00e9e en 1975 \u00e0 Paris, <strong>Mich\u00e8le Atchad\u00e9<\/strong> est artiste plasticienne et r\u00e9alisatrice. Elle vit et travaille \u00e0 Paris.<\/p>\n\n\n\n<p>Elle r\u00e9alise principalement des installations : sculpturales, vid\u00e9o et\/ou sonores o\u00f9 le corps joue un r\u00f4le central. Elle con\u00e7oit parall\u00e8lement des objets, dessins, photographies, livres uniques ou multiples remettant en jeu le statut d&rsquo;ic\u00f4ne des images et formes contemporaines au profit d&rsquo;un art sensoriel o\u00f9 la mati\u00e8re, tant\u00f4t minimale et t\u00e9nue, tant\u00f4t tr\u00e8s mat\u00e9rielle et pr\u00e9sente, c\u00f4toie l&rsquo;immat\u00e9riel.<\/p>\n\n\n\n<p>Elle travaille actuellement sur des formes plastiques parfois courtes mais toujours singuli\u00e8res de r\u00e9cits de vie : installations, documentaires, fiction, entre arts plastiques et cin\u00e9ma-audiovisuel.<\/p>\n\n\n\n<p>Elle r\u00e9alise \u00e9galement des films sur l&rsquo;art contemporain.<\/p>\n\n\n\n<p>Son int\u00e9r\u00eat pour les processus collectifs de cr\u00e9ation l&rsquo;ont conduite entre autres \u00e0 fonder <em>Encrages, cahiers d&rsquo;art et d&rsquo;esth\u00e9tique <\/em>(publications format papier), <em>YOTA <\/em>(support multim\u00e9dia), une association de diffusion de l&rsquo;art contemporain : <strong>\u00eatre<span style=\"color:#FF8800;\">contemporain<\/span>?<\/strong> et des expositions collectives en tant que commissaire d&rsquo;exposition (l&rsquo;art dans l&rsquo;espace domestique, photographies de plasticiens, d\u00e9construction des pratiques audiovisuelles&#8230;).<\/p>\n\n\n\n<p>Ses projets, expositions, r\u00e9sidences et recherches articulant th\u00e9orie et pratique l&rsquo;ont amen\u00e9e dans divers pays et villes : \u00e0 Paris, en Bretagne (Guingamp, Pont Scorff, Morlaix), \u00e0 Cuges-les-pins, \u00e0 Lille M\u00e9tropole (Lille, Roubaix, Tourcoing), \u00e0 Londres, Berlin, Valencia, Lisboa, en Tha\u00eflande (Bangkok, Chiang Mai), en Inde du Sud et r\u00e9cemment en Chine (Shanghai et P\u00e9kin) et \u00e0 Ath\u00e8nes (en Gr\u00e8ce).<\/p>\n\n\n\n<p><em>Professeure agr\u00e9g\u00e9e d&rsquo;arts plastiques, elle est enseignante aupr\u00e8s d&rsquo;\u00e9tudiants de STS audiovisuel (SUGER, Saint-Denis). Apr\u00e8s des recherches sur la sculpture installative, l&rsquo;immat\u00e9riel dans le cadre de pratiques artistiques d&rsquo;installation, ses recherches en art contemporain portent sur les pratiques audiovisuelles de mise en forme et en r\u00e9cit de <\/em>La vie des autres.<\/p>\n\n\n\n<p><small>Contact : Mich\u00e8le Atchad\u00e9 I Artiste I Nouvelle adresse durant les travaux : 3 passage Jacqueline Giraud 75012 Paris &#8211; France I Tel. : + 33 (0)6 89 11 53 56 I contact[at sign]micheleatchade[dot]com I www.micheleatchade.com I SIRET : 452 023 443 00016 I \u00a9 tous droits reserv\u00e9s<\/small>.<\/p>\n","protected":false},"excerpt":{"rendered":"<p>N\u00e9e en 1975 \u00e0 Paris, Mich\u00e8le Atchad\u00e9 est artiste plasticienne et r\u00e9alisatrice. Elle vit et travaille \u00e0 Paris. Elle r\u00e9alise principalement des installations : sculpturales, vid\u00e9o et\/ou sonores o\u00f9 le corps joue un r\u00f4le central. Elle con\u00e7oit parall\u00e8lement des objets, dessins, photographies, livres uniques ou multiples remettant en jeu le statut d&rsquo;ic\u00f4ne des images et [&hellip;]<\/p>\n","protected":false},"author":2,"featured_media":0,"parent":0,"menu_order":0,"comment_status":"closed","ping_status":"closed","template":"","meta":{"footnotes":""},"class_list":["post-91","page","type-page","status-publish","hentry"],"yoast_head":"<!-- This site is optimized with the Yoast SEO plugin v27.5 - https:\/\/yoast.com\/product\/yoast-seo-wordpress\/ -->\n<title>Pr\u00e9sentation - Mich\u00e8le Atchad\u00e9, artiste<\/title>\n<meta name=\"robots\" content=\"index, follow, max-snippet:-1, max-image-preview:large, max-video-preview:-1\" \/>\n<link rel=\"canonical\" href=\"https:\/\/www.micheleatchade.com\/en\/presentation\/\" \/>\n<meta property=\"og:locale\" content=\"en_GB\" \/>\n<meta property=\"og:type\" content=\"article\" \/>\n<meta property=\"og:title\" content=\"Pr\u00e9sentation - Mich\u00e8le Atchad\u00e9, artiste\" \/>\n<meta property=\"og:description\" content=\"N\u00e9e en 1975 \u00e0 Paris, Mich\u00e8le Atchad\u00e9 est artiste plasticienne et r\u00e9alisatrice. Elle vit et travaille \u00e0 Paris. Elle r\u00e9alise principalement des installations : sculpturales, vid\u00e9o et\/ou sonores o\u00f9 le corps joue un r\u00f4le central. Elle con\u00e7oit parall\u00e8lement des objets, dessins, photographies, livres uniques ou multiples remettant en jeu le statut d&rsquo;ic\u00f4ne des images et [&hellip;]\" \/>\n<meta property=\"og:url\" content=\"https:\/\/www.micheleatchade.com\/en\/presentation\/\" \/>\n<meta property=\"og:site_name\" content=\"Mich\u00e8le Atchad\u00e9, artiste\" \/>\n<meta property=\"article:modified_time\" content=\"2022-02-17T13:17:58+00:00\" \/>\n<meta name=\"twitter:card\" content=\"summary_large_image\" \/>\n<meta name=\"twitter:label1\" content=\"Estimated reading time\" \/>\n\t<meta name=\"twitter:data1\" content=\"2 minutes\" \/>\n<script type=\"application\/ld+json\" class=\"yoast-schema-graph\">{\"@context\":\"https:\\\/\\\/schema.org\",\"@graph\":[{\"@type\":\"WebPage\",\"@id\":\"https:\\\/\\\/www.micheleatchade.com\\\/presentation\\\/\",\"url\":\"https:\\\/\\\/www.micheleatchade.com\\\/presentation\\\/\",\"name\":\"Pr\u00e9sentation - Mich\u00e8le Atchad\u00e9, artiste\",\"isPartOf\":{\"@id\":\"https:\\\/\\\/www.micheleatchade.com\\\/#website\"},\"datePublished\":\"2015-11-02T09:49:32+00:00\",\"dateModified\":\"2022-02-17T13:17:58+00:00\",\"breadcrumb\":{\"@id\":\"https:\\\/\\\/www.micheleatchade.com\\\/presentation\\\/#breadcrumb\"},\"inLanguage\":\"en-GB\",\"potentialAction\":[{\"@type\":\"ReadAction\",\"target\":[\"https:\\\/\\\/www.micheleatchade.com\\\/presentation\\\/\"]}]},{\"@type\":\"BreadcrumbList\",\"@id\":\"https:\\\/\\\/www.micheleatchade.com\\\/presentation\\\/#breadcrumb\",\"itemListElement\":[{\"@type\":\"ListItem\",\"position\":1,\"name\":\"Accueil\",\"item\":\"https:\\\/\\\/www.micheleatchade.com\\\/\"},{\"@type\":\"ListItem\",\"position\":2,\"name\":\"Pr\u00e9sentation\"}]},{\"@type\":\"WebSite\",\"@id\":\"https:\\\/\\\/www.micheleatchade.com\\\/#website\",\"url\":\"https:\\\/\\\/www.micheleatchade.com\\\/\",\"name\":\"Mich\u00e8le Atchad\u00e9, artiste\",\"description\":\"Mich\u00e8le Atchad\u00e9 vit et travaille \u00e0 Paris. Elle r\u00e9alise principalement des installations o\u00f9 le corps joue un r\u00f4le central.\",\"publisher\":{\"@id\":\"https:\\\/\\\/www.micheleatchade.com\\\/#\\\/schema\\\/person\\\/921d974e1b8b08834c46fb7892784cc9\"},\"potentialAction\":[{\"@type\":\"SearchAction\",\"target\":{\"@type\":\"EntryPoint\",\"urlTemplate\":\"https:\\\/\\\/www.micheleatchade.com\\\/?s={search_term_string}\"},\"query-input\":{\"@type\":\"PropertyValueSpecification\",\"valueRequired\":true,\"valueName\":\"search_term_string\"}}],\"inLanguage\":\"en-GB\"},{\"@type\":[\"Person\",\"Organization\"],\"@id\":\"https:\\\/\\\/www.micheleatchade.com\\\/#\\\/schema\\\/person\\\/921d974e1b8b08834c46fb7892784cc9\",\"name\":\"Michele Atchade\",\"image\":{\"@type\":\"ImageObject\",\"inLanguage\":\"en-GB\",\"@id\":\"https:\\\/\\\/secure.gravatar.com\\\/avatar\\\/f02c7d51d758894f1ed433f0e5d258cd24e7d575f2982247f11e3f6f52a5c768?s=96&d=mm&r=g\",\"url\":\"https:\\\/\\\/secure.gravatar.com\\\/avatar\\\/f02c7d51d758894f1ed433f0e5d258cd24e7d575f2982247f11e3f6f52a5c768?s=96&d=mm&r=g\",\"contentUrl\":\"https:\\\/\\\/secure.gravatar.com\\\/avatar\\\/f02c7d51d758894f1ed433f0e5d258cd24e7d575f2982247f11e3f6f52a5c768?s=96&d=mm&r=g\",\"caption\":\"Michele Atchade\"},\"logo\":{\"@id\":\"https:\\\/\\\/secure.gravatar.com\\\/avatar\\\/f02c7d51d758894f1ed433f0e5d258cd24e7d575f2982247f11e3f6f52a5c768?s=96&d=mm&r=g\"}}]}<\/script>\n<!-- \/ Yoast SEO plugin. -->","yoast_head_json":{"title":"Pr\u00e9sentation - Mich\u00e8le Atchad\u00e9, artiste","robots":{"index":"index","follow":"follow","max-snippet":"max-snippet:-1","max-image-preview":"max-image-preview:large","max-video-preview":"max-video-preview:-1"},"canonical":"https:\/\/www.micheleatchade.com\/en\/presentation\/","og_locale":"en_GB","og_type":"article","og_title":"Pr\u00e9sentation - Mich\u00e8le Atchad\u00e9, artiste","og_description":"N\u00e9e en 1975 \u00e0 Paris, Mich\u00e8le Atchad\u00e9 est artiste plasticienne et r\u00e9alisatrice. Elle vit et travaille \u00e0 Paris. Elle r\u00e9alise principalement des installations : sculpturales, vid\u00e9o et\/ou sonores o\u00f9 le corps joue un r\u00f4le central. Elle con\u00e7oit parall\u00e8lement des objets, dessins, photographies, livres uniques ou multiples remettant en jeu le statut d&rsquo;ic\u00f4ne des images et [&hellip;]","og_url":"https:\/\/www.micheleatchade.com\/en\/presentation\/","og_site_name":"Mich\u00e8le Atchad\u00e9, artiste","article_modified_time":"2022-02-17T13:17:58+00:00","twitter_card":"summary_large_image","twitter_misc":{"Estimated reading time":"2 minutes"},"schema":{"@context":"https:\/\/schema.org","@graph":[{"@type":"WebPage","@id":"https:\/\/www.micheleatchade.com\/presentation\/","url":"https:\/\/www.micheleatchade.com\/presentation\/","name":"Pr\u00e9sentation - Mich\u00e8le Atchad\u00e9, artiste","isPartOf":{"@id":"https:\/\/www.micheleatchade.com\/#website"},"datePublished":"2015-11-02T09:49:32+00:00","dateModified":"2022-02-17T13:17:58+00:00","breadcrumb":{"@id":"https:\/\/www.micheleatchade.com\/presentation\/#breadcrumb"},"inLanguage":"en-GB","potentialAction":[{"@type":"ReadAction","target":["https:\/\/www.micheleatchade.com\/presentation\/"]}]},{"@type":"BreadcrumbList","@id":"https:\/\/www.micheleatchade.com\/presentation\/#breadcrumb","itemListElement":[{"@type":"ListItem","position":1,"name":"Accueil","item":"https:\/\/www.micheleatchade.com\/"},{"@type":"ListItem","position":2,"name":"Pr\u00e9sentation"}]},{"@type":"WebSite","@id":"https:\/\/www.micheleatchade.com\/#website","url":"https:\/\/www.micheleatchade.com\/","name":"Mich\u00e8le Atchad\u00e9, artiste","description":"Mich\u00e8le Atchad\u00e9 vit et travaille \u00e0 Paris. Elle r\u00e9alise principalement des installations o\u00f9 le corps joue un r\u00f4le central.","publisher":{"@id":"https:\/\/www.micheleatchade.com\/#\/schema\/person\/921d974e1b8b08834c46fb7892784cc9"},"potentialAction":[{"@type":"SearchAction","target":{"@type":"EntryPoint","urlTemplate":"https:\/\/www.micheleatchade.com\/?s={search_term_string}"},"query-input":{"@type":"PropertyValueSpecification","valueRequired":true,"valueName":"search_term_string"}}],"inLanguage":"en-GB"},{"@type":["Person","Organization"],"@id":"https:\/\/www.micheleatchade.com\/#\/schema\/person\/921d974e1b8b08834c46fb7892784cc9","name":"Michele Atchade","image":{"@type":"ImageObject","inLanguage":"en-GB","@id":"https:\/\/secure.gravatar.com\/avatar\/f02c7d51d758894f1ed433f0e5d258cd24e7d575f2982247f11e3f6f52a5c768?s=96&d=mm&r=g","url":"https:\/\/secure.gravatar.com\/avatar\/f02c7d51d758894f1ed433f0e5d258cd24e7d575f2982247f11e3f6f52a5c768?s=96&d=mm&r=g","contentUrl":"https:\/\/secure.gravatar.com\/avatar\/f02c7d51d758894f1ed433f0e5d258cd24e7d575f2982247f11e3f6f52a5c768?s=96&d=mm&r=g","caption":"Michele Atchade"},"logo":{"@id":"https:\/\/secure.gravatar.com\/avatar\/f02c7d51d758894f1ed433f0e5d258cd24e7d575f2982247f11e3f6f52a5c768?s=96&d=mm&r=g"}}]}},"_links":{"self":[{"href":"https:\/\/www.micheleatchade.com\/en\/wp-json\/wp\/v2\/pages\/91","targetHints":{"allow":["GET"]}}],"collection":[{"href":"https:\/\/www.micheleatchade.com\/en\/wp-json\/wp\/v2\/pages"}],"about":[{"href":"https:\/\/www.micheleatchade.com\/en\/wp-json\/wp\/v2\/types\/page"}],"author":[{"embeddable":true,"href":"https:\/\/www.micheleatchade.com\/en\/wp-json\/wp\/v2\/users\/2"}],"replies":[{"embeddable":true,"href":"https:\/\/www.micheleatchade.com\/en\/wp-json\/wp\/v2\/comments?post=91"}],"version-history":[{"count":38,"href":"https:\/\/www.micheleatchade.com\/en\/wp-json\/wp\/v2\/pages\/91\/revisions"}],"predecessor-version":[{"id":1793,"href":"https:\/\/www.micheleatchade.com\/en\/wp-json\/wp\/v2\/pages\/91\/revisions\/1793"}],"wp:attachment":[{"href":"https:\/\/www.micheleatchade.com\/en\/wp-json\/wp\/v2\/media?parent=91"}],"curies":[{"name":"wp","href":"https:\/\/api.w.org\/{rel}","templated":true}]}}