{"id":87,"date":"2015-11-02T09:16:57","date_gmt":"2015-11-02T09:16:57","guid":{"rendered":"http:\/\/127.0.0.1:4001\/wordpress\/?page_id=87"},"modified":"2025-12-27T12:46:35","modified_gmt":"2025-12-27T12:46:35","slug":"accueil","status":"publish","type":"page","link":"https:\/\/www.micheleatchade.com\/en\/","title":{"rendered":"Home"},"content":{"rendered":"<div data-elementor-type=\"wp-page\" data-elementor-id=\"87\" class=\"elementor elementor-87\" data-elementor-post-type=\"page\">\n\t\t\t\t\t\t<section class=\"elementor-section elementor-top-section elementor-element elementor-element-e6d2a70 elementor-section-boxed elementor-section-height-default elementor-section-height-default\" data-id=\"e6d2a70\" data-element_type=\"section\" data-e-type=\"section\">\n\t\t\t\t\t\t<div class=\"elementor-container elementor-column-gap-wider\">\n\t\t\t\t\t<div class=\"elementor-column elementor-col-66 elementor-top-column elementor-element elementor-element-75584d3\" data-id=\"75584d3\" data-element_type=\"column\" data-e-type=\"column\">\n\t\t\t<div class=\"elementor-widget-wrap elementor-element-populated\">\n\t\t\t\t\t\t<div class=\"elementor-element elementor-element-0d060e5 elementor-widget elementor-widget-image-carousel\" data-id=\"0d060e5\" data-element_type=\"widget\" data-e-type=\"widget\" data-settings=\"{&quot;slides_to_show&quot;:&quot;1&quot;,&quot;navigation&quot;:&quot;none&quot;,&quot;pause_on_hover&quot;:&quot;no&quot;,&quot;pause_on_interaction&quot;:&quot;no&quot;,&quot;autoplay_speed&quot;:2500,&quot;speed&quot;:1,&quot;autoplay&quot;:&quot;yes&quot;,&quot;infinite&quot;:&quot;yes&quot;,&quot;effect&quot;:&quot;slide&quot;}\" data-widget_type=\"image-carousel.default\">\n\t\t\t\t<div class=\"elementor-widget-container\">\n\t\t\t\t\t\t\t<div class=\"elementor-image-carousel-wrapper swiper\" role=\"region\" aria-roledescription=\"carousel\" aria-label=\"Carrousel d\u2019images\" dir=\"ltr\">\n\t\t\t<div class=\"elementor-image-carousel swiper-wrapper\" aria-live=\"off\">\n\t\t\t\t\t\t\t\t<div class=\"swiper-slide\" role=\"group\" aria-roledescription=\"slide\" aria-label=\"1 sur 2\"><figure class=\"swiper-slide-inner\"><img decoding=\"async\" class=\"swiper-slide-image\" src=\"https:\/\/www.micheleatchade.com\/wp-content\/uploads\/elementor\/thumbs\/Accueil-MA-web-mje20qgbg8nybj44y0fexbxak07cix9x2cnyz6r91k.jpg\" alt=\"Accueil MA web\" \/><\/figure><\/div><div class=\"swiper-slide\" role=\"group\" aria-roledescription=\"slide\" aria-label=\"2 sur 2\"><figure class=\"swiper-slide-inner\"><img decoding=\"async\" class=\"swiper-slide-image\" src=\"https:\/\/www.micheleatchade.com\/wp-content\/uploads\/elementor\/thumbs\/e\u0301cran-noir-ovn5xn2ccqm51ulvu0gr55srrajurf5gv0f0iwxsw8.png\" alt=\"e\u0301cran noir\" \/><\/figure><\/div>\t\t\t<\/div>\n\t\t\t\t\t\t\t\n\t\t\t\t\t\t\t\t\t<\/div>\n\t\t\t\t\t\t<\/div>\n\t\t\t\t<\/div>\n\t\t\t\t\t<\/div>\n\t\t<\/div>\n\t\t\t\t<div class=\"elementor-column elementor-col-33 elementor-top-column elementor-element elementor-element-db36189\" data-id=\"db36189\" data-element_type=\"column\" data-e-type=\"column\">\n\t\t\t<div class=\"elementor-widget-wrap elementor-element-populated\">\n\t\t\t\t\t\t<div class=\"elementor-element elementor-element-140ee60b elementor-widget elementor-widget-text-editor\" data-id=\"140ee60b\" data-element_type=\"widget\" data-e-type=\"widget\" data-widget_type=\"text-editor.default\">\n\t\t\t\t<div class=\"elementor-widget-container\">\n\t\t\t\t\t\t\t\t\t<p style=\"font-size: 12px;\"><span class=\"ryNqvb\">Exposition r\u00e9trospective \u00e0 l&rsquo;Acad\u00e9mie de Brera Galerie d&rsquo;art Biffi, Plaisance, des \u00e9ditions d&rsquo;art <em>da&gt;verso<\/em>, r\u00e9alis\u00e9es dans le cadre des projets de l&rsquo;Acad\u00e9mie des Beaux-Arts de Brera (Milan, Lombardie en Italie). En 2017, \u00e9dition d&rsquo;un po\u00e8me de Maria Borio gaufr\u00e9 sur papier photographique en couleur. Direction des projets : <span class=\"jCAhz\">Margherita Labbe. Curatrice de l&rsquo;exposition : Suzanna Gualazzini.\u00a0<\/span><\/span><span class=\"ryNqvb\">\u0152uvres visibles du 18 janvier au 15 f\u00e9vrier 2025. Vernissage le samedi 18 janvier \u00e0 17h. <\/span><span class=\"ryNqvb\">Pr\u00e9sentation d&rsquo;un carnet retra\u00e7ant cette exp\u00e9rience le 12 f\u00e9vrier.<\/span><\/p><p style=\"font-size: 12px;\">Exposition collective \u00ab\u00a0Et si c&rsquo;\u00e9tait \u00e0 refaire\u00a0\u00bb, autour d&rsquo;\u0153uvres en petits formats. Pr\u00e9sentation de la s\u00e9rie de <em>tondi<\/em> tatou\u00e9s \u00ab\u00a0Les iconoclastes\u00a0\u00bb, du 7 d\u00e9cembre 2024 au 23 f\u00e9vrier 2025, galerie municipale d&rsquo;art contemporain d&rsquo;Auvers-sur-Oise, commissariat : le collectif GRAP&rsquo;S<\/p>\t\t\t\t\t\t\t\t<\/div>\n\t\t\t\t<\/div>\n\t\t\t\t\t<\/div>\n\t\t<\/div>\n\t\t\t\t\t<\/div>\n\t\t<\/section>\n\t\t\t\t<\/div>","protected":false},"excerpt":{"rendered":"<p>Exposition r\u00e9trospective \u00e0 l&rsquo;Acad\u00e9mie de Brera Galerie d&rsquo;art Biffi, Plaisance, des \u00e9ditions d&rsquo;art da&gt;verso, r\u00e9alis\u00e9es dans le cadre des projets de l&rsquo;Acad\u00e9mie des Beaux-Arts de Brera (Milan, Lombardie en Italie). En 2017, \u00e9dition d&rsquo;un po\u00e8me de Maria Borio gaufr\u00e9 sur papier photographique en couleur. Direction des projets : Margherita Labbe. Curatrice de l&rsquo;exposition : Suzanna [&hellip;]<\/p>\n","protected":false},"author":2,"featured_media":242,"parent":0,"menu_order":0,"comment_status":"closed","ping_status":"closed","template":"","meta":{"footnotes":""},"class_list":["post-87","page","type-page","status-publish","has-post-thumbnail","hentry"],"yoast_head":"<!-- This site is optimized with the Yoast SEO plugin v27.3 - https:\/\/yoast.com\/product\/yoast-seo-wordpress\/ -->\n<title>Mich\u00e8le Atchad\u00e9, artiste plasticienne et r\u00e9alisatrice<\/title>\n<meta name=\"description\" content=\"Mich\u00e8le Atchad\u00e9 vit et travaille \u00e0 Paris. Elle r\u00e9alise principalement des installations o\u00f9 le corps joue un r\u00f4le central.\" \/>\n<meta name=\"robots\" content=\"index, follow, max-snippet:-1, max-image-preview:large, max-video-preview:-1\" \/>\n<link rel=\"canonical\" href=\"https:\/\/www.micheleatchade.com\/en\/\" \/>\n<meta property=\"og:locale\" content=\"en_GB\" \/>\n<meta property=\"og:type\" content=\"article\" \/>\n<meta property=\"og:title\" content=\"Mich\u00e8le Atchad\u00e9, artiste plasticienne et r\u00e9alisatrice\" \/>\n<meta property=\"og:description\" content=\"Mich\u00e8le Atchad\u00e9 vit et travaille \u00e0 Paris. Elle r\u00e9alise principalement des installations o\u00f9 le corps joue un r\u00f4le central.\" \/>\n<meta property=\"og:url\" content=\"https:\/\/www.micheleatchade.com\/en\/\" \/>\n<meta property=\"og:site_name\" content=\"Mich\u00e8le Atchad\u00e9, artiste\" \/>\n<meta property=\"article:modified_time\" content=\"2025-12-27T12:46:35+00:00\" \/>\n<meta property=\"og:image\" content=\"https:\/\/www.micheleatchade.com\/wp-content\/uploads\/2015\/11\/Accueil-MA-web.jpg\" \/>\n\t<meta property=\"og:image:width\" content=\"777\" \/>\n\t<meta property=\"og:image:height\" content=\"713\" \/>\n\t<meta property=\"og:image:type\" content=\"image\/jpeg\" \/>\n<meta name=\"twitter:card\" content=\"summary_large_image\" \/>\n<meta name=\"twitter:label1\" content=\"Estimated reading time\" \/>\n\t<meta name=\"twitter:data1\" content=\"2 minutes\" \/>\n<script type=\"application\/ld+json\" class=\"yoast-schema-graph\">{\"@context\":\"https:\\\/\\\/schema.org\",\"@graph\":[{\"@type\":\"WebPage\",\"@id\":\"https:\\\/\\\/www.micheleatchade.com\\\/\",\"url\":\"https:\\\/\\\/www.micheleatchade.com\\\/\",\"name\":\"Mich\u00e8le Atchad\u00e9, artiste plasticienne et r\u00e9alisatrice\",\"isPartOf\":{\"@id\":\"https:\\\/\\\/www.micheleatchade.com\\\/#website\"},\"primaryImageOfPage\":{\"@id\":\"https:\\\/\\\/www.micheleatchade.com\\\/#primaryimage\"},\"image\":{\"@id\":\"https:\\\/\\\/www.micheleatchade.com\\\/#primaryimage\"},\"thumbnailUrl\":\"https:\\\/\\\/www.micheleatchade.com\\\/wp-content\\\/uploads\\\/2015\\\/11\\\/Accueil-MA-web.jpg\",\"datePublished\":\"2015-11-02T09:16:57+00:00\",\"dateModified\":\"2025-12-27T12:46:35+00:00\",\"description\":\"Mich\u00e8le Atchad\u00e9 vit et travaille \u00e0 Paris. Elle r\u00e9alise principalement des installations o\u00f9 le corps joue un r\u00f4le central.\",\"breadcrumb\":{\"@id\":\"https:\\\/\\\/www.micheleatchade.com\\\/#breadcrumb\"},\"inLanguage\":\"en-GB\",\"potentialAction\":[{\"@type\":\"ReadAction\",\"target\":[\"https:\\\/\\\/www.micheleatchade.com\\\/\"]}]},{\"@type\":\"ImageObject\",\"inLanguage\":\"en-GB\",\"@id\":\"https:\\\/\\\/www.micheleatchade.com\\\/#primaryimage\",\"url\":\"https:\\\/\\\/www.micheleatchade.com\\\/wp-content\\\/uploads\\\/2015\\\/11\\\/Accueil-MA-web.jpg\",\"contentUrl\":\"https:\\\/\\\/www.micheleatchade.com\\\/wp-content\\\/uploads\\\/2015\\\/11\\\/Accueil-MA-web.jpg\",\"width\":777,\"height\":713},{\"@type\":\"BreadcrumbList\",\"@id\":\"https:\\\/\\\/www.micheleatchade.com\\\/#breadcrumb\",\"itemListElement\":[{\"@type\":\"ListItem\",\"position\":1,\"name\":\"Accueil\",\"item\":\"https:\\\/\\\/www.micheleatchade.com\\\/\"},{\"@type\":\"ListItem\",\"position\":2,\"name\":\"Accueil\"}]},{\"@type\":\"WebSite\",\"@id\":\"https:\\\/\\\/www.micheleatchade.com\\\/#website\",\"url\":\"https:\\\/\\\/www.micheleatchade.com\\\/\",\"name\":\"Mich\u00e8le Atchad\u00e9, artiste\",\"description\":\"Mich\u00e8le Atchad\u00e9 vit et travaille \u00e0 Paris. Elle r\u00e9alise principalement des installations o\u00f9 le corps joue un r\u00f4le central.\",\"publisher\":{\"@id\":\"https:\\\/\\\/www.micheleatchade.com\\\/#\\\/schema\\\/person\\\/921d974e1b8b08834c46fb7892784cc9\"},\"potentialAction\":[{\"@type\":\"SearchAction\",\"target\":{\"@type\":\"EntryPoint\",\"urlTemplate\":\"https:\\\/\\\/www.micheleatchade.com\\\/?s={search_term_string}\"},\"query-input\":{\"@type\":\"PropertyValueSpecification\",\"valueRequired\":true,\"valueName\":\"search_term_string\"}}],\"inLanguage\":\"en-GB\"},{\"@type\":[\"Person\",\"Organization\"],\"@id\":\"https:\\\/\\\/www.micheleatchade.com\\\/#\\\/schema\\\/person\\\/921d974e1b8b08834c46fb7892784cc9\",\"name\":\"Michele Atchade\",\"image\":{\"@type\":\"ImageObject\",\"inLanguage\":\"en-GB\",\"@id\":\"https:\\\/\\\/secure.gravatar.com\\\/avatar\\\/f02c7d51d758894f1ed433f0e5d258cd24e7d575f2982247f11e3f6f52a5c768?s=96&d=mm&r=g\",\"url\":\"https:\\\/\\\/secure.gravatar.com\\\/avatar\\\/f02c7d51d758894f1ed433f0e5d258cd24e7d575f2982247f11e3f6f52a5c768?s=96&d=mm&r=g\",\"contentUrl\":\"https:\\\/\\\/secure.gravatar.com\\\/avatar\\\/f02c7d51d758894f1ed433f0e5d258cd24e7d575f2982247f11e3f6f52a5c768?s=96&d=mm&r=g\",\"caption\":\"Michele Atchade\"},\"logo\":{\"@id\":\"https:\\\/\\\/secure.gravatar.com\\\/avatar\\\/f02c7d51d758894f1ed433f0e5d258cd24e7d575f2982247f11e3f6f52a5c768?s=96&d=mm&r=g\"}}]}<\/script>\n<!-- \/ Yoast SEO plugin. -->","yoast_head_json":{"title":"Mich\u00e8le Atchad\u00e9, artiste plasticienne et r\u00e9alisatrice","description":"Mich\u00e8le Atchad\u00e9 vit et travaille \u00e0 Paris. Elle r\u00e9alise principalement des installations o\u00f9 le corps joue un r\u00f4le central.","robots":{"index":"index","follow":"follow","max-snippet":"max-snippet:-1","max-image-preview":"max-image-preview:large","max-video-preview":"max-video-preview:-1"},"canonical":"https:\/\/www.micheleatchade.com\/en\/","og_locale":"en_GB","og_type":"article","og_title":"Mich\u00e8le Atchad\u00e9, artiste plasticienne et r\u00e9alisatrice","og_description":"Mich\u00e8le Atchad\u00e9 vit et travaille \u00e0 Paris. Elle r\u00e9alise principalement des installations o\u00f9 le corps joue un r\u00f4le central.","og_url":"https:\/\/www.micheleatchade.com\/en\/","og_site_name":"Mich\u00e8le Atchad\u00e9, artiste","article_modified_time":"2025-12-27T12:46:35+00:00","og_image":[{"width":777,"height":713,"url":"https:\/\/www.micheleatchade.com\/wp-content\/uploads\/2015\/11\/Accueil-MA-web.jpg","type":"image\/jpeg"}],"twitter_card":"summary_large_image","twitter_misc":{"Estimated reading time":"2 minutes"},"schema":{"@context":"https:\/\/schema.org","@graph":[{"@type":"WebPage","@id":"https:\/\/www.micheleatchade.com\/","url":"https:\/\/www.micheleatchade.com\/","name":"Mich\u00e8le Atchad\u00e9, artiste plasticienne et r\u00e9alisatrice","isPartOf":{"@id":"https:\/\/www.micheleatchade.com\/#website"},"primaryImageOfPage":{"@id":"https:\/\/www.micheleatchade.com\/#primaryimage"},"image":{"@id":"https:\/\/www.micheleatchade.com\/#primaryimage"},"thumbnailUrl":"https:\/\/www.micheleatchade.com\/wp-content\/uploads\/2015\/11\/Accueil-MA-web.jpg","datePublished":"2015-11-02T09:16:57+00:00","dateModified":"2025-12-27T12:46:35+00:00","description":"Mich\u00e8le Atchad\u00e9 vit et travaille \u00e0 Paris. Elle r\u00e9alise principalement des installations o\u00f9 le corps joue un r\u00f4le central.","breadcrumb":{"@id":"https:\/\/www.micheleatchade.com\/#breadcrumb"},"inLanguage":"en-GB","potentialAction":[{"@type":"ReadAction","target":["https:\/\/www.micheleatchade.com\/"]}]},{"@type":"ImageObject","inLanguage":"en-GB","@id":"https:\/\/www.micheleatchade.com\/#primaryimage","url":"https:\/\/www.micheleatchade.com\/wp-content\/uploads\/2015\/11\/Accueil-MA-web.jpg","contentUrl":"https:\/\/www.micheleatchade.com\/wp-content\/uploads\/2015\/11\/Accueil-MA-web.jpg","width":777,"height":713},{"@type":"BreadcrumbList","@id":"https:\/\/www.micheleatchade.com\/#breadcrumb","itemListElement":[{"@type":"ListItem","position":1,"name":"Accueil","item":"https:\/\/www.micheleatchade.com\/"},{"@type":"ListItem","position":2,"name":"Accueil"}]},{"@type":"WebSite","@id":"https:\/\/www.micheleatchade.com\/#website","url":"https:\/\/www.micheleatchade.com\/","name":"Mich\u00e8le Atchad\u00e9, artiste","description":"Mich\u00e8le Atchad\u00e9 vit et travaille \u00e0 Paris. Elle r\u00e9alise principalement des installations o\u00f9 le corps joue un r\u00f4le central.","publisher":{"@id":"https:\/\/www.micheleatchade.com\/#\/schema\/person\/921d974e1b8b08834c46fb7892784cc9"},"potentialAction":[{"@type":"SearchAction","target":{"@type":"EntryPoint","urlTemplate":"https:\/\/www.micheleatchade.com\/?s={search_term_string}"},"query-input":{"@type":"PropertyValueSpecification","valueRequired":true,"valueName":"search_term_string"}}],"inLanguage":"en-GB"},{"@type":["Person","Organization"],"@id":"https:\/\/www.micheleatchade.com\/#\/schema\/person\/921d974e1b8b08834c46fb7892784cc9","name":"Michele Atchade","image":{"@type":"ImageObject","inLanguage":"en-GB","@id":"https:\/\/secure.gravatar.com\/avatar\/f02c7d51d758894f1ed433f0e5d258cd24e7d575f2982247f11e3f6f52a5c768?s=96&d=mm&r=g","url":"https:\/\/secure.gravatar.com\/avatar\/f02c7d51d758894f1ed433f0e5d258cd24e7d575f2982247f11e3f6f52a5c768?s=96&d=mm&r=g","contentUrl":"https:\/\/secure.gravatar.com\/avatar\/f02c7d51d758894f1ed433f0e5d258cd24e7d575f2982247f11e3f6f52a5c768?s=96&d=mm&r=g","caption":"Michele Atchade"},"logo":{"@id":"https:\/\/secure.gravatar.com\/avatar\/f02c7d51d758894f1ed433f0e5d258cd24e7d575f2982247f11e3f6f52a5c768?s=96&d=mm&r=g"}}]}},"_links":{"self":[{"href":"https:\/\/www.micheleatchade.com\/en\/wp-json\/wp\/v2\/pages\/87","targetHints":{"allow":["GET"]}}],"collection":[{"href":"https:\/\/www.micheleatchade.com\/en\/wp-json\/wp\/v2\/pages"}],"about":[{"href":"https:\/\/www.micheleatchade.com\/en\/wp-json\/wp\/v2\/types\/page"}],"author":[{"embeddable":true,"href":"https:\/\/www.micheleatchade.com\/en\/wp-json\/wp\/v2\/users\/2"}],"replies":[{"embeddable":true,"href":"https:\/\/www.micheleatchade.com\/en\/wp-json\/wp\/v2\/comments?post=87"}],"version-history":[{"count":259,"href":"https:\/\/www.micheleatchade.com\/en\/wp-json\/wp\/v2\/pages\/87\/revisions"}],"predecessor-version":[{"id":2016,"href":"https:\/\/www.micheleatchade.com\/en\/wp-json\/wp\/v2\/pages\/87\/revisions\/2016"}],"wp:featuredmedia":[{"embeddable":true,"href":"https:\/\/www.micheleatchade.com\/en\/wp-json\/wp\/v2\/media\/242"}],"wp:attachment":[{"href":"https:\/\/www.micheleatchade.com\/en\/wp-json\/wp\/v2\/media?parent=87"}],"curies":[{"name":"wp","href":"https:\/\/api.w.org\/{rel}","templated":true}]}}