{"id":728,"date":"2015-12-19T18:19:17","date_gmt":"2015-12-19T18:19:17","guid":{"rendered":"http:\/\/www.micheleatchade.com\/?page_id=728"},"modified":"2020-03-25T19:12:10","modified_gmt":"2020-03-25T19:12:10","slug":"mentions-legales","status":"publish","type":"page","link":"https:\/\/www.micheleatchade.com\/en\/mentions-legales\/","title":{"rendered":"Legal Notice"},"content":{"rendered":"<div class=\"wpb-content-wrapper\"><div class=\"vc_row wpb_row vc_row-fluid\"><div class=\"wpb_column vc_column_container vc_col-sm-8\"><div class=\"vc_column-inner\"><div class=\"wpb_wrapper\">\n\t<div class=\"wpb_text_column wpb_content_element\" >\n\t\t<div class=\"wpb_wrapper\">\n\t\t\t<p>[<span style=\"color: #ff9900;\">Copyright<\/span>Mich\u00e8leAtchad\u00e9]<\/p>\n<p>Tous les contenus, visuels et textes sont la propri\u00e9t\u00e9 de l&rsquo;artiste. Ils ne peuvent \u00eatre utilis\u00e9s et reproduits, partiellement ou totalement sans accord pr\u00e9alable avec l&rsquo;auteure.<\/p>\n<p><span style=\"font-size: 8pt;\">&#8211; Pour une lecture optimale du site, t\u00e9l\u00e9charger la police suivante : Helvetica<\/span><\/p>\n<p>Cr\u00e9ation de l&rsquo;interface sous WordPress en 2015 : Mikael Gauluet.<\/p>\n<div id=\"dc_vk_code\" style=\"display: none;\"><\/div>\n\n\t\t<\/div>\n\t<\/div>\n<\/div><\/div><\/div><div class=\"wpb_column vc_column_container vc_col-sm-4\"><div class=\"vc_column-inner\"><div class=\"wpb_wrapper\">\n\t<div class=\"wpb_text_column wpb_content_element\" >\n\t\t<div class=\"wpb_wrapper\">\n\t\t\t<p><\/p>\n\n\t\t<\/div>\n\t<\/div>\n<\/div><\/div><\/div><\/div>\n<\/div>","protected":false},"excerpt":{"rendered":"[CopyrightMich\u00e8leAtchad\u00e9] Tous les contenus, visuels et textes sont la propri\u00e9t\u00e9 de l'artiste. Ils ne peuvent \u00eatre utilis\u00e9s et reproduits, partiellement ou totalement sans accord pr\u00e9alable avec l'auteure. - Pour une lecture optimale du site, t\u00e9l\u00e9charger la police suivante : Helvetica Cr\u00e9ation de l'interface sous Wordpress en 2015 : Mikael Gauluet.","protected":false},"author":2,"featured_media":0,"parent":0,"menu_order":0,"comment_status":"closed","ping_status":"closed","template":"template-full-width.php","meta":{"footnotes":""},"class_list":["post-728","page","type-page","status-publish","hentry"],"yoast_head":"<!-- This site is optimized with the Yoast SEO plugin v27.5 - https:\/\/yoast.com\/product\/yoast-seo-wordpress\/ -->\n<title>Mentions l\u00e9gales - Mich\u00e8le Atchad\u00e9, artiste<\/title>\n<meta name=\"robots\" content=\"index, follow, max-snippet:-1, max-image-preview:large, max-video-preview:-1\" \/>\n<link rel=\"canonical\" href=\"https:\/\/www.micheleatchade.com\/en\/mentions-legales\/\" \/>\n<meta property=\"og:locale\" content=\"en_GB\" \/>\n<meta property=\"og:type\" content=\"article\" \/>\n<meta property=\"og:title\" content=\"Mentions l\u00e9gales - Mich\u00e8le Atchad\u00e9, artiste\" \/>\n<meta property=\"og:url\" content=\"https:\/\/www.micheleatchade.com\/en\/mentions-legales\/\" \/>\n<meta property=\"og:site_name\" content=\"Mich\u00e8le Atchad\u00e9, artiste\" \/>\n<meta property=\"article:modified_time\" content=\"2020-03-25T19:12:10+00:00\" \/>\n<meta name=\"twitter:card\" content=\"summary_large_image\" \/>\n<script type=\"application\/ld+json\" class=\"yoast-schema-graph\">{\"@context\":\"https:\\\/\\\/schema.org\",\"@graph\":[{\"@type\":\"WebPage\",\"@id\":\"https:\\\/\\\/www.micheleatchade.com\\\/mentions-legales\\\/\",\"url\":\"https:\\\/\\\/www.micheleatchade.com\\\/mentions-legales\\\/\",\"name\":\"Mentions l\u00e9gales - Mich\u00e8le Atchad\u00e9, artiste\",\"isPartOf\":{\"@id\":\"https:\\\/\\\/www.micheleatchade.com\\\/#website\"},\"datePublished\":\"2015-12-19T18:19:17+00:00\",\"dateModified\":\"2020-03-25T19:12:10+00:00\",\"breadcrumb\":{\"@id\":\"https:\\\/\\\/www.micheleatchade.com\\\/mentions-legales\\\/#breadcrumb\"},\"inLanguage\":\"en-GB\",\"potentialAction\":[{\"@type\":\"ReadAction\",\"target\":[\"https:\\\/\\\/www.micheleatchade.com\\\/mentions-legales\\\/\"]}]},{\"@type\":\"BreadcrumbList\",\"@id\":\"https:\\\/\\\/www.micheleatchade.com\\\/mentions-legales\\\/#breadcrumb\",\"itemListElement\":[{\"@type\":\"ListItem\",\"position\":1,\"name\":\"Accueil\",\"item\":\"https:\\\/\\\/www.micheleatchade.com\\\/\"},{\"@type\":\"ListItem\",\"position\":2,\"name\":\"Mentions l\u00e9gales\"}]},{\"@type\":\"WebSite\",\"@id\":\"https:\\\/\\\/www.micheleatchade.com\\\/#website\",\"url\":\"https:\\\/\\\/www.micheleatchade.com\\\/\",\"name\":\"Mich\u00e8le Atchad\u00e9, artiste\",\"description\":\"Mich\u00e8le Atchad\u00e9 vit et travaille \u00e0 Paris. Elle r\u00e9alise principalement des installations o\u00f9 le corps joue un r\u00f4le central.\",\"publisher\":{\"@id\":\"https:\\\/\\\/www.micheleatchade.com\\\/#\\\/schema\\\/person\\\/921d974e1b8b08834c46fb7892784cc9\"},\"potentialAction\":[{\"@type\":\"SearchAction\",\"target\":{\"@type\":\"EntryPoint\",\"urlTemplate\":\"https:\\\/\\\/www.micheleatchade.com\\\/?s={search_term_string}\"},\"query-input\":{\"@type\":\"PropertyValueSpecification\",\"valueRequired\":true,\"valueName\":\"search_term_string\"}}],\"inLanguage\":\"en-GB\"},{\"@type\":[\"Person\",\"Organization\"],\"@id\":\"https:\\\/\\\/www.micheleatchade.com\\\/#\\\/schema\\\/person\\\/921d974e1b8b08834c46fb7892784cc9\",\"name\":\"Michele Atchade\",\"image\":{\"@type\":\"ImageObject\",\"inLanguage\":\"en-GB\",\"@id\":\"https:\\\/\\\/secure.gravatar.com\\\/avatar\\\/f02c7d51d758894f1ed433f0e5d258cd24e7d575f2982247f11e3f6f52a5c768?s=96&d=mm&r=g\",\"url\":\"https:\\\/\\\/secure.gravatar.com\\\/avatar\\\/f02c7d51d758894f1ed433f0e5d258cd24e7d575f2982247f11e3f6f52a5c768?s=96&d=mm&r=g\",\"contentUrl\":\"https:\\\/\\\/secure.gravatar.com\\\/avatar\\\/f02c7d51d758894f1ed433f0e5d258cd24e7d575f2982247f11e3f6f52a5c768?s=96&d=mm&r=g\",\"caption\":\"Michele Atchade\"},\"logo\":{\"@id\":\"https:\\\/\\\/secure.gravatar.com\\\/avatar\\\/f02c7d51d758894f1ed433f0e5d258cd24e7d575f2982247f11e3f6f52a5c768?s=96&d=mm&r=g\"}}]}<\/script>\n<!-- \/ Yoast SEO plugin. -->","yoast_head_json":{"title":"Mentions l\u00e9gales - Mich\u00e8le Atchad\u00e9, artiste","robots":{"index":"index","follow":"follow","max-snippet":"max-snippet:-1","max-image-preview":"max-image-preview:large","max-video-preview":"max-video-preview:-1"},"canonical":"https:\/\/www.micheleatchade.com\/en\/mentions-legales\/","og_locale":"en_GB","og_type":"article","og_title":"Mentions l\u00e9gales - Mich\u00e8le Atchad\u00e9, artiste","og_url":"https:\/\/www.micheleatchade.com\/en\/mentions-legales\/","og_site_name":"Mich\u00e8le Atchad\u00e9, artiste","article_modified_time":"2020-03-25T19:12:10+00:00","twitter_card":"summary_large_image","schema":{"@context":"https:\/\/schema.org","@graph":[{"@type":"WebPage","@id":"https:\/\/www.micheleatchade.com\/mentions-legales\/","url":"https:\/\/www.micheleatchade.com\/mentions-legales\/","name":"Mentions l\u00e9gales - Mich\u00e8le Atchad\u00e9, artiste","isPartOf":{"@id":"https:\/\/www.micheleatchade.com\/#website"},"datePublished":"2015-12-19T18:19:17+00:00","dateModified":"2020-03-25T19:12:10+00:00","breadcrumb":{"@id":"https:\/\/www.micheleatchade.com\/mentions-legales\/#breadcrumb"},"inLanguage":"en-GB","potentialAction":[{"@type":"ReadAction","target":["https:\/\/www.micheleatchade.com\/mentions-legales\/"]}]},{"@type":"BreadcrumbList","@id":"https:\/\/www.micheleatchade.com\/mentions-legales\/#breadcrumb","itemListElement":[{"@type":"ListItem","position":1,"name":"Accueil","item":"https:\/\/www.micheleatchade.com\/"},{"@type":"ListItem","position":2,"name":"Mentions l\u00e9gales"}]},{"@type":"WebSite","@id":"https:\/\/www.micheleatchade.com\/#website","url":"https:\/\/www.micheleatchade.com\/","name":"Mich\u00e8le Atchad\u00e9, artiste","description":"Mich\u00e8le Atchad\u00e9 vit et travaille \u00e0 Paris. Elle r\u00e9alise principalement des installations o\u00f9 le corps joue un r\u00f4le central.","publisher":{"@id":"https:\/\/www.micheleatchade.com\/#\/schema\/person\/921d974e1b8b08834c46fb7892784cc9"},"potentialAction":[{"@type":"SearchAction","target":{"@type":"EntryPoint","urlTemplate":"https:\/\/www.micheleatchade.com\/?s={search_term_string}"},"query-input":{"@type":"PropertyValueSpecification","valueRequired":true,"valueName":"search_term_string"}}],"inLanguage":"en-GB"},{"@type":["Person","Organization"],"@id":"https:\/\/www.micheleatchade.com\/#\/schema\/person\/921d974e1b8b08834c46fb7892784cc9","name":"Michele Atchade","image":{"@type":"ImageObject","inLanguage":"en-GB","@id":"https:\/\/secure.gravatar.com\/avatar\/f02c7d51d758894f1ed433f0e5d258cd24e7d575f2982247f11e3f6f52a5c768?s=96&d=mm&r=g","url":"https:\/\/secure.gravatar.com\/avatar\/f02c7d51d758894f1ed433f0e5d258cd24e7d575f2982247f11e3f6f52a5c768?s=96&d=mm&r=g","contentUrl":"https:\/\/secure.gravatar.com\/avatar\/f02c7d51d758894f1ed433f0e5d258cd24e7d575f2982247f11e3f6f52a5c768?s=96&d=mm&r=g","caption":"Michele Atchade"},"logo":{"@id":"https:\/\/secure.gravatar.com\/avatar\/f02c7d51d758894f1ed433f0e5d258cd24e7d575f2982247f11e3f6f52a5c768?s=96&d=mm&r=g"}}]}},"_links":{"self":[{"href":"https:\/\/www.micheleatchade.com\/en\/wp-json\/wp\/v2\/pages\/728","targetHints":{"allow":["GET"]}}],"collection":[{"href":"https:\/\/www.micheleatchade.com\/en\/wp-json\/wp\/v2\/pages"}],"about":[{"href":"https:\/\/www.micheleatchade.com\/en\/wp-json\/wp\/v2\/types\/page"}],"author":[{"embeddable":true,"href":"https:\/\/www.micheleatchade.com\/en\/wp-json\/wp\/v2\/users\/2"}],"replies":[{"embeddable":true,"href":"https:\/\/www.micheleatchade.com\/en\/wp-json\/wp\/v2\/comments?post=728"}],"version-history":[{"count":8,"href":"https:\/\/www.micheleatchade.com\/en\/wp-json\/wp\/v2\/pages\/728\/revisions"}],"predecessor-version":[{"id":1200,"href":"https:\/\/www.micheleatchade.com\/en\/wp-json\/wp\/v2\/pages\/728\/revisions\/1200"}],"wp:attachment":[{"href":"https:\/\/www.micheleatchade.com\/en\/wp-json\/wp\/v2\/media?parent=728"}],"curies":[{"name":"wp","href":"https:\/\/api.w.org\/{rel}","templated":true}]}}